{"id":2110,"date":"2019-04-27T15:27:08","date_gmt":"2019-04-27T13:27:08","guid":{"rendered":"http:\/\/www.marinarredo.com\/?page_id=2110"},"modified":"2019-06-24T20:42:48","modified_gmt":"2019-06-24T18:42:48","slug":"progetti","status":"publish","type":"page","link":"https:\/\/www.marinarredo.com\/index.php\/progetti\/","title":{"rendered":"Progetti"},"content":{"rendered":"\t\t<div data-elementor-type=\"wp-post\" data-elementor-id=\"2110\" class=\"elementor elementor-2110\">\n\t\t\t\t\t\t<section class=\"elementor-section elementor-top-section elementor-element elementor-element-3294f54 elementor-section-boxed elementor-section-height-default elementor-section-height-default\" data-id=\"3294f54\" data-element_type=\"section\">\n\t\t\t\t\t\t<div class=\"elementor-container elementor-column-gap-default\">\n\t\t\t\t\t<div class=\"elementor-column elementor-col-100 elementor-top-column elementor-element elementor-element-fb840ca\" data-id=\"fb840ca\" data-element_type=\"column\">\n\t\t\t<div class=\"elementor-widget-wrap elementor-element-populated\">\n\t\t\t\t\t\t<div class=\"elementor-element elementor-element-4058fb1 elementor-widget elementor-widget-image\" data-id=\"4058fb1\" data-element_type=\"widget\" data-widget_type=\"image.default\">\n\t\t\t\t<div class=\"elementor-widget-container\">\n\t\t\t\t\t\t\t\t\t\t\t\t\t<img fetchpriority=\"high\" decoding=\"async\" width=\"1300\" height=\"500\" src=\"https:\/\/www.marinarredo.com\/wp-content\/uploads\/slider-5-Marin-Arredo-1300x500.jpg\" class=\"attachment-full size-full wp-image-1725\" alt=\"\" srcset=\"https:\/\/www.marinarredo.com\/wp-content\/uploads\/slider-5-Marin-Arredo-1300x500.jpg 1300w, https:\/\/www.marinarredo.com\/wp-content\/uploads\/slider-5-Marin-Arredo-1300x500-300x115.jpg 300w, https:\/\/www.marinarredo.com\/wp-content\/uploads\/slider-5-Marin-Arredo-1300x500-768x295.jpg 768w, https:\/\/www.marinarredo.com\/wp-content\/uploads\/slider-5-Marin-Arredo-1300x500-1024x394.jpg 1024w\" sizes=\"(max-width: 1300px) 100vw, 1300px\" \/>\t\t\t\t\t\t\t\t\t\t\t\t\t<\/div>\n\t\t\t\t<\/div>\n\t\t\t\t\t<\/div>\n\t\t<\/div>\n\t\t\t\t\t<\/div>\n\t\t<\/section>\n\t\t\t\t<section class=\"elementor-section elementor-top-section elementor-element elementor-element-cb6ba29 elementor-section-boxed elementor-section-height-default elementor-section-height-default\" data-id=\"cb6ba29\" data-element_type=\"section\">\n\t\t\t\t\t\t<div class=\"elementor-container elementor-column-gap-default\">\n\t\t\t\t\t<div class=\"elementor-column elementor-col-100 elementor-top-column elementor-element elementor-element-19564b6\" data-id=\"19564b6\" data-element_type=\"column\">\n\t\t\t<div class=\"elementor-widget-wrap elementor-element-populated\">\n\t\t\t\t\t\t<div class=\"elementor-element elementor-element-855738a elementor-widget elementor-widget-text-editor\" data-id=\"855738a\" data-element_type=\"widget\" data-widget_type=\"text-editor.default\">\n\t\t\t\t<div class=\"elementor-widget-container\">\n\t\t\t\t\t\t\t<h5 style=\"text-align: justify;\">I progetti dei negozi di parrucchiera della ditta Marin cercano di rispettare fedelmente quello che sar\u00e0 la realt\u00e0 cercando di far vedere virtualmente quello che sar\u00e0 il negozio finito.\u00a0<\/h5>\t\t\t\t\t\t<\/div>\n\t\t\t\t<\/div>\n\t\t\t\t\t<\/div>\n\t\t<\/div>\n\t\t\t\t\t<\/div>\n\t\t<\/section>\n\t\t\t\t<section class=\"elementor-section elementor-top-section elementor-element elementor-element-eba5bcd elementor-section-boxed elementor-section-height-default elementor-section-height-default\" data-id=\"eba5bcd\" data-element_type=\"section\">\n\t\t\t\t\t\t<div class=\"elementor-container elementor-column-gap-default\">\n\t\t\t\t\t<div class=\"elementor-column elementor-col-100 elementor-top-column elementor-element elementor-element-01422c9\" data-id=\"01422c9\" data-element_type=\"column\">\n\t\t\t<div class=\"elementor-widget-wrap elementor-element-populated\">\n\t\t\t\t\t\t<div class=\"elementor-element elementor-element-2eaf693 elementor-widget elementor-widget-image-gallery\" data-id=\"2eaf693\" data-element_type=\"widget\" data-widget_type=\"image-gallery.default\">\n\t\t\t\t<div class=\"elementor-widget-container\">\n\t\t\t\t\t<div class=\"elementor-image-gallery\">\n\t\t\t\n\t\t<style type=\"text\/css\">\n\t\t\t#gallery-1 {\n\t\t\t\tmargin: auto;\n\t\t\t}\n\t\t\t#gallery-1 .gallery-item {\n\t\t\t\tfloat: left;\n\t\t\t\tmargin-top: 10px;\n\t\t\t\ttext-align: center;\n\t\t\t\twidth: 33%;\n\t\t\t}\n\t\t\t#gallery-1 img {\n\t\t\t\tborder: 2px solid #cfcfcf;\n\t\t\t}\n\t\t\t#gallery-1 .gallery-caption {\n\t\t\t\tmargin-left: 0;\n\t\t\t}\n\t\t\t\/* see gallery_shortcode() in wp-includes\/media.php *\/\n\t\t<\/style>\n\t\t<div id='gallery-1' class='gallery galleryid-2110 gallery-columns-3 gallery-size-medium_large'><dl class='gallery-item'>\n\t\t\t<dt class='gallery-icon landscape'>\n\t\t\t\t<a data-elementor-open-lightbox=\"yes\" data-elementor-lightbox-slideshow=\"2eaf693\" data-elementor-lightbox-title=\"gfoto04\" data-e-action-hash=\"#elementor-action%3Aaction%3Dlightbox%26settings%3DeyJpZCI6MjExMiwidXJsIjoiaHR0cHM6XC9cL3d3dy5tYXJpbmFycmVkby5jb21cL3dwLWNvbnRlbnRcL3VwbG9hZHNcL3Byb2dldHRpXC9nZm90bzA0LTEuanBnIiwic2xpZGVzaG93IjoiMmVhZjY5MyJ9\" class=\"thumbnail\" href='https:\/\/www.marinarredo.com\/wp-content\/uploads\/progetti\/gfoto04-1.jpg'><img decoding=\"async\" width=\"600\" height=\"362\" src=\"https:\/\/www.marinarredo.com\/wp-content\/uploads\/progetti\/gfoto04-1.jpg\" class=\"attachment-medium_large size-medium_large\" alt=\"\" srcset=\"https:\/\/www.marinarredo.com\/wp-content\/uploads\/progetti\/gfoto04-1.jpg 600w, https:\/\/www.marinarredo.com\/wp-content\/uploads\/progetti\/gfoto04-1-300x181.jpg 300w\" sizes=\"(max-width: 600px) 100vw, 600px\" \/><\/a>\n\t\t\t<\/dt><\/dl><dl class='gallery-item'>\n\t\t\t<dt class='gallery-icon landscape'>\n\t\t\t\t<a data-elementor-open-lightbox=\"yes\" data-elementor-lightbox-slideshow=\"2eaf693\" data-elementor-lightbox-title=\"gfoto05\" data-e-action-hash=\"#elementor-action%3Aaction%3Dlightbox%26settings%3DeyJpZCI6MjExMywidXJsIjoiaHR0cHM6XC9cL3d3dy5tYXJpbmFycmVkby5jb21cL3dwLWNvbnRlbnRcL3VwbG9hZHNcL3Byb2dldHRpXC9nZm90bzA1LTEuanBnIiwic2xpZGVzaG93IjoiMmVhZjY5MyJ9\" class=\"thumbnail\" href='https:\/\/www.marinarredo.com\/wp-content\/uploads\/progetti\/gfoto05-1.jpg'><img decoding=\"async\" width=\"600\" height=\"314\" src=\"https:\/\/www.marinarredo.com\/wp-content\/uploads\/progetti\/gfoto05-1.jpg\" class=\"attachment-medium_large size-medium_large\" alt=\"\" srcset=\"https:\/\/www.marinarredo.com\/wp-content\/uploads\/progetti\/gfoto05-1.jpg 600w, https:\/\/www.marinarredo.com\/wp-content\/uploads\/progetti\/gfoto05-1-300x157.jpg 300w\" sizes=\"(max-width: 600px) 100vw, 600px\" \/><\/a>\n\t\t\t<\/dt><\/dl><dl class='gallery-item'>\n\t\t\t<dt class='gallery-icon landscape'>\n\t\t\t\t<a data-elementor-open-lightbox=\"yes\" data-elementor-lightbox-slideshow=\"2eaf693\" data-elementor-lightbox-title=\"gfoto06\" data-e-action-hash=\"#elementor-action%3Aaction%3Dlightbox%26settings%3DeyJpZCI6MjExNCwidXJsIjoiaHR0cHM6XC9cL3d3dy5tYXJpbmFycmVkby5jb21cL3dwLWNvbnRlbnRcL3VwbG9hZHNcL3Byb2dldHRpXC9nZm90bzA2LTEuanBnIiwic2xpZGVzaG93IjoiMmVhZjY5MyJ9\" class=\"thumbnail\" href='https:\/\/www.marinarredo.com\/wp-content\/uploads\/progetti\/gfoto06-1.jpg'><img loading=\"lazy\" decoding=\"async\" width=\"600\" height=\"316\" src=\"https:\/\/www.marinarredo.com\/wp-content\/uploads\/progetti\/gfoto06-1.jpg\" class=\"attachment-medium_large size-medium_large\" alt=\"\" srcset=\"https:\/\/www.marinarredo.com\/wp-content\/uploads\/progetti\/gfoto06-1.jpg 600w, https:\/\/www.marinarredo.com\/wp-content\/uploads\/progetti\/gfoto06-1-300x158.jpg 300w\" sizes=\"(max-width: 600px) 100vw, 600px\" \/><\/a>\n\t\t\t<\/dt><\/dl><br style=\"clear: both\" \/><dl class='gallery-item'>\n\t\t\t<dt class='gallery-icon landscape'>\n\t\t\t\t<a data-elementor-open-lightbox=\"yes\" data-elementor-lightbox-slideshow=\"2eaf693\" data-elementor-lightbox-title=\"gfoto07\" data-e-action-hash=\"#elementor-action%3Aaction%3Dlightbox%26settings%3DeyJpZCI6MjExNSwidXJsIjoiaHR0cHM6XC9cL3d3dy5tYXJpbmFycmVkby5jb21cL3dwLWNvbnRlbnRcL3VwbG9hZHNcL3Byb2dldHRpXC9nZm90bzA3LTEuanBnIiwic2xpZGVzaG93IjoiMmVhZjY5MyJ9\" class=\"thumbnail\" href='https:\/\/www.marinarredo.com\/wp-content\/uploads\/progetti\/gfoto07-1.jpg'><img loading=\"lazy\" decoding=\"async\" width=\"600\" height=\"314\" src=\"https:\/\/www.marinarredo.com\/wp-content\/uploads\/progetti\/gfoto07-1.jpg\" class=\"attachment-medium_large size-medium_large\" alt=\"\" srcset=\"https:\/\/www.marinarredo.com\/wp-content\/uploads\/progetti\/gfoto07-1.jpg 600w, https:\/\/www.marinarredo.com\/wp-content\/uploads\/progetti\/gfoto07-1-300x157.jpg 300w\" sizes=\"(max-width: 600px) 100vw, 600px\" \/><\/a>\n\t\t\t<\/dt><\/dl><dl class='gallery-item'>\n\t\t\t<dt class='gallery-icon landscape'>\n\t\t\t\t<a data-elementor-open-lightbox=\"yes\" data-elementor-lightbox-slideshow=\"2eaf693\" data-elementor-lightbox-title=\"gfoto08\" data-e-action-hash=\"#elementor-action%3Aaction%3Dlightbox%26settings%3DeyJpZCI6MjExNiwidXJsIjoiaHR0cHM6XC9cL3d3dy5tYXJpbmFycmVkby5jb21cL3dwLWNvbnRlbnRcL3VwbG9hZHNcL3Byb2dldHRpXC9nZm90bzA4LTEuanBnIiwic2xpZGVzaG93IjoiMmVhZjY5MyJ9\" class=\"thumbnail\" href='https:\/\/www.marinarredo.com\/wp-content\/uploads\/progetti\/gfoto08-1.jpg'><img loading=\"lazy\" decoding=\"async\" width=\"600\" height=\"316\" src=\"https:\/\/www.marinarredo.com\/wp-content\/uploads\/progetti\/gfoto08-1.jpg\" class=\"attachment-medium_large size-medium_large\" alt=\"\" srcset=\"https:\/\/www.marinarredo.com\/wp-content\/uploads\/progetti\/gfoto08-1.jpg 600w, https:\/\/www.marinarredo.com\/wp-content\/uploads\/progetti\/gfoto08-1-300x158.jpg 300w\" sizes=\"(max-width: 600px) 100vw, 600px\" \/><\/a>\n\t\t\t<\/dt><\/dl><dl class='gallery-item'>\n\t\t\t<dt class='gallery-icon landscape'>\n\t\t\t\t<a data-elementor-open-lightbox=\"yes\" data-elementor-lightbox-slideshow=\"2eaf693\" data-elementor-lightbox-title=\"gfoto01\" data-e-action-hash=\"#elementor-action%3Aaction%3Dlightbox%26settings%3DeyJpZCI6MjExNywidXJsIjoiaHR0cHM6XC9cL3d3dy5tYXJpbmFycmVkby5jb21cL3dwLWNvbnRlbnRcL3VwbG9hZHNcL3Byb2dldHRpXC9nZm90bzAxLTEuanBnIiwic2xpZGVzaG93IjoiMmVhZjY5MyJ9\" class=\"thumbnail\" href='https:\/\/www.marinarredo.com\/wp-content\/uploads\/progetti\/gfoto01-1.jpg'><img loading=\"lazy\" decoding=\"async\" width=\"600\" height=\"429\" src=\"https:\/\/www.marinarredo.com\/wp-content\/uploads\/progetti\/gfoto01-1.jpg\" class=\"attachment-medium_large size-medium_large\" alt=\"\" srcset=\"https:\/\/www.marinarredo.com\/wp-content\/uploads\/progetti\/gfoto01-1.jpg 600w, https:\/\/www.marinarredo.com\/wp-content\/uploads\/progetti\/gfoto01-1-300x215.jpg 300w\" sizes=\"(max-width: 600px) 100vw, 600px\" \/><\/a>\n\t\t\t<\/dt><\/dl><br style=\"clear: both\" \/><dl class='gallery-item'>\n\t\t\t<dt class='gallery-icon landscape'>\n\t\t\t\t<a data-elementor-open-lightbox=\"yes\" data-elementor-lightbox-slideshow=\"2eaf693\" data-elementor-lightbox-title=\"gfoto02\" data-e-action-hash=\"#elementor-action%3Aaction%3Dlightbox%26settings%3DeyJpZCI6MjExOCwidXJsIjoiaHR0cHM6XC9cL3d3dy5tYXJpbmFycmVkby5jb21cL3dwLWNvbnRlbnRcL3VwbG9hZHNcL3Byb2dldHRpXC9nZm90bzAyLTEuanBnIiwic2xpZGVzaG93IjoiMmVhZjY5MyJ9\" class=\"thumbnail\" href='https:\/\/www.marinarredo.com\/wp-content\/uploads\/progetti\/gfoto02-1.jpg'><img loading=\"lazy\" decoding=\"async\" width=\"600\" height=\"362\" src=\"https:\/\/www.marinarredo.com\/wp-content\/uploads\/progetti\/gfoto02-1.jpg\" class=\"attachment-medium_large size-medium_large\" alt=\"\" srcset=\"https:\/\/www.marinarredo.com\/wp-content\/uploads\/progetti\/gfoto02-1.jpg 600w, https:\/\/www.marinarredo.com\/wp-content\/uploads\/progetti\/gfoto02-1-300x181.jpg 300w\" sizes=\"(max-width: 600px) 100vw, 600px\" \/><\/a>\n\t\t\t<\/dt><\/dl><dl class='gallery-item'>\n\t\t\t<dt class='gallery-icon landscape'>\n\t\t\t\t<a data-elementor-open-lightbox=\"yes\" data-elementor-lightbox-slideshow=\"2eaf693\" data-elementor-lightbox-title=\"gfoto03\" data-e-action-hash=\"#elementor-action%3Aaction%3Dlightbox%26settings%3DeyJpZCI6MjExOSwidXJsIjoiaHR0cHM6XC9cL3d3dy5tYXJpbmFycmVkby5jb21cL3dwLWNvbnRlbnRcL3VwbG9hZHNcL3Byb2dldHRpXC9nZm90bzAzLTEuanBnIiwic2xpZGVzaG93IjoiMmVhZjY5MyJ9\" class=\"thumbnail\" href='https:\/\/www.marinarredo.com\/wp-content\/uploads\/progetti\/gfoto03-1.jpg'><img loading=\"lazy\" decoding=\"async\" width=\"600\" height=\"355\" src=\"https:\/\/www.marinarredo.com\/wp-content\/uploads\/progetti\/gfoto03-1.jpg\" class=\"attachment-medium_large size-medium_large\" alt=\"\" srcset=\"https:\/\/www.marinarredo.com\/wp-content\/uploads\/progetti\/gfoto03-1.jpg 600w, https:\/\/www.marinarredo.com\/wp-content\/uploads\/progetti\/gfoto03-1-300x178.jpg 300w\" sizes=\"(max-width: 600px) 100vw, 600px\" \/><\/a>\n\t\t\t<\/dt><\/dl>\n\t\t\t<br style='clear: both' \/>\n\t\t<\/div>\n\t\t<\/div>\n\t\t\t\t<\/div>\n\t\t\t\t<\/div>\n\t\t\t\t\t<\/div>\n\t\t<\/div>\n\t\t\t\t\t<\/div>\n\t\t<\/section>\n\t\t\t\t<section class=\"elementor-section elementor-top-section elementor-element elementor-element-5e61869 elementor-section-boxed elementor-section-height-default elementor-section-height-default\" data-id=\"5e61869\" data-element_type=\"section\">\n\t\t\t\t\t\t<div class=\"elementor-container elementor-column-gap-default\">\n\t\t\t\t\t<div class=\"elementor-column elementor-col-100 elementor-top-column elementor-element elementor-element-02cae89\" data-id=\"02cae89\" data-element_type=\"column\">\n\t\t\t<div class=\"elementor-widget-wrap elementor-element-populated\">\n\t\t\t\t\t\t<div class=\"elementor-element elementor-element-1a3dda8 elementor-widget elementor-widget-image\" data-id=\"1a3dda8\" data-element_type=\"widget\" data-widget_type=\"image.default\">\n\t\t\t\t<div class=\"elementor-widget-container\">\n\t\t\t\t\t\t\t\t\t\t\t\t\t<img loading=\"lazy\" decoding=\"async\" width=\"768\" height=\"420\" src=\"https:\/\/www.marinarredo.com\/wp-content\/uploads\/progetti\/Capelli-colorati-768x420.png\" class=\"attachment-medium_large size-medium_large wp-image-2408\" alt=\"\" srcset=\"https:\/\/www.marinarredo.com\/wp-content\/uploads\/progetti\/Capelli-colorati-768x420.png 768w, https:\/\/www.marinarredo.com\/wp-content\/uploads\/progetti\/Capelli-colorati-300x164.png 300w, https:\/\/www.marinarredo.com\/wp-content\/uploads\/progetti\/Capelli-colorati.png 1462w\" sizes=\"(max-width: 768px) 100vw, 768px\" \/>\t\t\t\t\t\t\t\t\t\t\t\t\t<\/div>\n\t\t\t\t<\/div>\n\t\t\t\t\t<\/div>\n\t\t<\/div>\n\t\t\t\t\t<\/div>\n\t\t<\/section>\n\t\t\t\t<\/div>\n\t\t","protected":false},"excerpt":{"rendered":"<p>I progetti dei negozi di parrucchiera della ditta Marin cercano di rispettare fedelmente quello che sar\u00e0 la realt\u00e0 cercando di far vedere virtualmente quello che sar\u00e0 il negozio finito.\u00a0<\/p>\n","protected":false},"author":4,"featured_media":0,"parent":0,"menu_order":0,"comment_status":"closed","ping_status":"open","template":"","meta":{"footnotes":""},"_links":{"self":[{"href":"https:\/\/www.marinarredo.com\/index.php\/wp-json\/wp\/v2\/pages\/2110"}],"collection":[{"href":"https:\/\/www.marinarredo.com\/index.php\/wp-json\/wp\/v2\/pages"}],"about":[{"href":"https:\/\/www.marinarredo.com\/index.php\/wp-json\/wp\/v2\/types\/page"}],"author":[{"embeddable":true,"href":"https:\/\/www.marinarredo.com\/index.php\/wp-json\/wp\/v2\/users\/4"}],"replies":[{"embeddable":true,"href":"https:\/\/www.marinarredo.com\/index.php\/wp-json\/wp\/v2\/comments?post=2110"}],"version-history":[{"count":4,"href":"https:\/\/www.marinarredo.com\/index.php\/wp-json\/wp\/v2\/pages\/2110\/revisions"}],"predecessor-version":[{"id":2409,"href":"https:\/\/www.marinarredo.com\/index.php\/wp-json\/wp\/v2\/pages\/2110\/revisions\/2409"}],"wp:attachment":[{"href":"https:\/\/www.marinarredo.com\/index.php\/wp-json\/wp\/v2\/media?parent=2110"}],"curies":[{"name":"wp","href":"https:\/\/api.w.org\/{rel}","templated":true}]}}