{"id":1686,"date":"2018-10-23T22:21:37","date_gmt":"2018-10-23T20:21:37","guid":{"rendered":"http:\/\/www.marinarredo.com\/?page_id=1686"},"modified":"2019-06-07T18:44:06","modified_gmt":"2019-06-07T16:44:06","slug":"privacy-policy","status":"publish","type":"page","link":"http:\/\/www.marinarredo.com\/index.php\/privacy-policy\/","title":{"rendered":"Privacy Policy"},"content":{"rendered":"<div style=\"background-color: white; padding: 20px;\">\n<p><strong>Informativa ai sensi dell\u2019art. 13 del D.lgs. n. 196\/03 e dell\u2019artt. 13 e 14 del Regolamento (UE) 2016\/679<\/strong><\/p>\n<p>La presente Privacy Policy ha lo scopo di descrivere le modalit\u00e0 di gestione di questo sito, in riferimento al trattamento dei dati personali degli utenti\/visitatori che lo consultano. Si tratta di un\u2019informativa che \u00e8 resa ai sensi dell\u2019art. 13 del D.lgs. n. 196\/03 e degli artt. 13 e 14 del Regolamento (UE) 2016\/679, recante disposizioni in materia di protezione dei dati, a coloro che si collegano al sito web aziendale della MARIN ANGELO e usufruiscono dei relativi servizi web a partire dall\u2019indirizzo www.marinarredo.com. L\u2019informativa \u00e8 resa soltanto per il sito sopra menzionato e non anche per altri siti web eventualmente consultati dall\u2019utente tramite appositi link.<\/p>\n<p>Il sito <a href=\"http:\/\/www.\">www.<\/a>marinarredo.com \u00e8 di propriet\u00e0 della MARIN ANGELO DITTA INDIVIDUALE, gestito dalla MARIN ANGELO DITTA INDIVIDUALE che garantisce il rispetto della normativa in materia di protezione dei dati personali.<\/p>\n<p>Gli utenti\/visitatori potranno\/dovranno leggere attentamente la presente Privacy Policy prima di inoltrare qualsiasi tipo di informazione personale e\/o compilare qualunque modulo elettronico presente sul sito stesso.<\/p>\n<ol>\n<li><strong> Finalit\u00e0 e modalit\u00e0 del trattamento dei dati<\/strong><\/li>\n<\/ol>\n<p><strong>1.1. Dati di navigazione.<\/strong><\/p>\n<p>I sistemi informatici preposti al funzionamento del sito acquisiscono automaticamente, nel loro funzionamento quotidiano, alcuni dati personali che sono trasmessi implicitamente nell\u2019uso di protocolli di comunicazione web. Si tratta di dati che, se elaborati con dati detenuti da terzi, potrebbero identificare gli utenti\/visitatori. Si tratta per esempio di indirizzo IP e nomi di domini dei computer utilizzati dagli utenti\/visitatori che si collegano al sito.<\/p>\n<p><strong>1.2. Dati forniti volontariamente dagli utenti\/visitatori<\/strong><\/p>\n<p>Qualora gli utenti\/visitatori, collegandosi a questo sito, inviino propri dati personali per accedere a determinati servizi, ovvero per effettuare richieste in posta elettronica, ci\u00f2 comporta l\u2019acquisizione da parte di MARIN ANGELO, DITTA INDIVIDUALE dell\u2019indirizzo del mittente e\/o di altri eventuali dati personali che verranno trattati esclusivamente per rispondere alla richiesta, ovvero per la fornitura del servizio. I dati personali forniti dagli utenti\/visitatori verranno comunicati a terzi solo nel caso in cui la comunicazione sia necessaria per ottemperare alle richieste degli utenti\/visitatori medesimi.<\/p>\n<p><strong>1.3. Cookies.<\/strong><\/p>\n<p>Il sito utilizza i cookie di monitoraggio, delle brevi stringhe di testo che vengono inviate dal server del sito al browser dell&#8217;utente\/visitatore del sito e vengono automaticamente salvati sul pc dell&#8217;utente\/visitatore. Quasi tutti i browser sono impostati per accettare i cookie, tuttavia l&#8217;utente\/visitatore pu\u00f2 autonomamente modificare la configurazione del proprio browser e bloccare i cookie (vedi punto 1.3.2 &#8220;Come disabilitare i cookie (opt-out)&#8221;).<\/p>\n<p><strong>1.3.1. Cookie di monitoraggio<\/strong><\/p>\n<p>I cookie di monitoraggio possono essere disabilitati senza nessuna conseguenza sulla navigazione del portale. La Societ\u00e0 si avvale del servizio Google Analytics della societ\u00e0 Google, Inc. (di seguito &#8220;Google&#8221;) per la generazione di statistiche sull&#8217;utilizzo del portale web; Google Analytics utilizza cookie (non di terze parti) che non memorizzano dati personali. Le informazioni ricavabili dai cookie sull\u2019utilizzo del sito web da parte degli utenti (compresi gli indirizzi IP) verranno trasmesse dal browser dell\u2019utente a Google, con sede a 1600 Amphitheatre Parkway, Mountain View, CA 94043, Stati Uniti, e depositate presso i server della societ\u00e0 stessa.<\/p>\n<p>Secondo i\u00a0<a href=\"http:\/\/www.google.com\/analytics\/terms\/it.html\">termini di servizio<\/a>\u00a0in essere, Google utilizzer\u00e0 queste informazioni, in qualit\u00e0 di titolare autonomo del trattamento, allo scopo di tracciare e esaminare l\u2019utilizzo del sito web, compilare report sulle attivit\u00e0 del sito ad uso degli operatori del sito stesso e fornire altri servizi relativi alle attivit\u00e0 del sito web, alle modalit\u00e0 di connessione (mobile, pc, browser utilizzato) e alle modalit\u00e0 di ricerca e raggiungimento delle pagine del portale. Google pu\u00f2 anche trasferire queste informazioni a terzi ove ci\u00f2 sia imposto dalla legge o laddove tali terzi trattino le suddette informazioni per conto di Google. Google non assocer\u00e0 gli indirizzi IP a nessun altro dato posseduto da Google.<\/p>\n<p>Utilizzando il sito web della Societ\u00e0, si acconsente al trattamento dei propri dati da parte di Google per le modalit\u00e0 e i fini sopra indicati.<\/p>\n<p><strong>1.3.2. Come disabilitare i cookie (opt-out)<\/strong><\/p>\n<p>\u00c8 possibile negare il consenso all\u2019utilizzo dei cookie selezionando l&#8217;impostazione appropriata sul proprio browser: la navigazione non autenticata sul portale sar\u00e0 comunque disponibile in tutte le sue funzionalit\u00e0.\u00a0 Di seguito forniamo i link che spiegano come disabilitare i cookie per i browser pi\u00f9 diffusi:<\/p>\n<p>Internet Explorer:\u00a0<a href=\"http:\/\/windows.microsoft.com\/it-IT\/windows7\/Block-enable-or-allow-cookies\">http:\/\/windows.microsoft.com\/it-IT\/windows7\/Block-enable-or-allow-cookies<\/a><\/p>\n<p>Google Chrome:\u00a0<a href=\"https:\/\/support.google.com\/chrome\/answer\/95647?hl=it-IT&amp;p=cpn_cookies\">https:\/\/support.google.com\/chrome\/answer\/95647?hl=it-IT&amp;p=cpn_cookies<\/a><\/p>\n<p>Mozilla Firefox:\u00a0\u00a0<a href=\"https:\/\/support.mozilla.org\/it\/products\/firefox\/protect-your-privacy\/cookies\">https:\/\/support.mozilla.org\/it\/products\/firefox\/protect-your-privacy\/cookies<\/a><\/p>\n<p>Apple Safari:\u00a0\u00a0<a href=\"http:\/\/www.apple.com\/legal\/privacy\/it\/cookies\/\">http:\/\/www.apple.com\/legal\/privacy\/it\/cookies\/<\/a><\/p>\n<p>In alternativa \u00e8 possibile disabilitare soltanto i cookie di\u00a0 Google Analytics, utilizzando il\u00a0<a href=\"https:\/\/tools.google.com\/dlpage\/gaoptout?hl=it\">componente aggiuntivo<\/a>\u00a0di opt-out fornito da Google per i browser principali.<\/p>\n<p><strong>1.4. Finalit\u00e0 e conservazione dei dati<\/strong><\/p>\n<p>I dati raccolti vengono trattati esclusivamente per effettuare analisi statistiche, ai soli fini di migliorare l\u2019offerta di servizi e per il tempo minimo necessario per espletare il servizio.<\/p>\n<p><strong>1.5. Trattamento dei dati<\/strong><\/p>\n<p>I trattamenti saranno effettuati sia manualmente sia con l\u2019ausilio di mezzi elettronici, o comunque automatizzati, e comprendono, nel rispetto dei limiti e delle condizioni posti dal Regolamento Generale sulla Protezione dei Dati n. 2016\/679: raccolta, registrazione, organizzazione, conservazione, consultazione, elaborazione, modificazione, selezione, estrazione, raffronto, utilizzo, interconnessione, blocco, comunicazione, cancellazione e distruzione dei dati. Specifiche misure di sicurezza sono osservate per prevenire la perdita dei dati, usi illeciti o non corretti ed accessi non autorizzati.<\/p>\n<ol start=\"2\">\n<li><strong> Comunicazione e diffusione dei dati<\/strong><\/li>\n<\/ol>\n<p>I dati raccolti non saranno oggetto di diffusione o comunicazione a terzi, se non nei casi previsti dalla informativa e\/o dalla legge e, comunque, con le modalit\u00e0 da questa consentite.<\/p>\n<p>I responsabili o incaricati del trattamento potranno venire a conoscenza dei dati nell\u2019ambito delle rispettive funzioni e in conformit\u00e0 alle istruzioni ricevute, soltanto per il conseguimento delle specifiche finalit\u00e0 indicate nella presente informativa.<\/p>\n<ol start=\"3\">\n<li><strong> Diritti dell\u2019interessato<\/strong><\/li>\n<\/ol>\n<p>I soggetti cui si riferiscono i dati personali hanno il diritto in qualunque momento di ottenere la conferma dell\u2019esistenza o meno dei medesimi dati e di conoscerne il contenuto e l\u2019origine, verificarne l\u2019esattezza o chiederne l\u2019integrazione, l\u2019aggiornamento oppure la rettificazione.<\/p>\n<p>Relativamente a tali dati si possono esercitare tutti i diritti previsti dal Regolamento Generale sulla Protezione dei Dati n. 2016\/679 inviando un\u2019email a\u00a0info@marinarredo.com.<\/p>\n<ol start=\"4\">\n<li><strong> Titolare del trattamento<\/strong><\/li>\n<\/ol>\n<p>Titolare del trattamento \u00e8 MARIN ANGELO &#8211; DITTA INDIVIDUALE con sede legale a Vigodarzere (PD9 alla Via del Lavoro n. 57, 35010.<\/p>\n<p><em>Ultimo aggiornamento: luglio 2018<\/em><\/p>\n<hr \/>\n<p><strong>Cookies<\/strong><\/p>\n<p>Per far funzionare bene questo sito, a volte installiamo sul tuo dispositivo dei piccoli file di dati che si chiamano &#8220;cookies&#8221;. Anche la maggior parte dei grandi siti fanno lo stesso.<\/p>\n<p><strong>Cosa sono i cookies?<\/strong><\/p>\n<p>Un cookie \u00e8 un piccolo file di testo che i siti salvano sul tuo computer o dispositivo mobile mentre li visiti. Grazie ai cookies il sito ricorda le tue azioni e preferenze (per es. login, lingua, dimensioni dei caratteri e altre impostazioni di visualizzazione) in modo che tu non debba reinserirle quando torni sul sito o navighi da una pagina all&#8217;altra.<\/p>\n<p><strong>Come utilizziamo i cookies?<\/strong><\/p>\n<p>In alcune pagine utilizziamo i cookies per ricordare:<\/p>\n<ul>\n<li>le preferenze di visualizzazione, per es. le impostazioni del contrasto o le dimensioni dei caratteri<\/li>\n<li>se hai gi\u00e0 risposto a un sondaggio pop-up sull&#8217;utilit\u00e0 dei contenuti trovati, per evitare di riproportelo<\/li>\n<li>se hai autorizzato l&#8217;uso dei cookies sul sito.<\/li>\n<\/ul>\n<p>Non \u00e8 necessario abilitare i cookies perch\u00e9 il sito funzioni, ma farlo migliora la navigazione. \u00c8 possibile cancellare o bloccare i cookies, per\u00f2 in questo caso alcune funzioni del sito potrebbero non funzionare correttamente.<\/p>\n<p>Le informazioni riguardanti i cookies <strong>non sono utilizzate per identificare gli utenti <\/strong>e i dati di navigazione restano sempre sotto il nostro controllo. Questi cookies servono esclusivamente per i fini qui descritti.<\/p>\n<p><strong>Come controllare i cookies?<\/strong><\/p>\n<p>Puoi <strong>controllare e\/o verificare<\/strong> i cookies\u00a0come vuoi. Puoi cancellare i cookies gi\u00e0 presenti nel computer e impostare quasi tutti i browser in modo da bloccarne l&#8217;installazione. Se scegli questa opzione, dovrai per\u00f2 modificare manualmente alcune preferenze ogni volta che visiti il sito ed \u00e8 possibile che alcuni servizi o determinate funzioni non siano disponibili.<\/p>\n<\/div>\n","protected":false},"excerpt":{"rendered":"<p>Informativa ai sensi dell\u2019art. 13 del D.lgs. n. 196\/03 e dell\u2019artt. 13 e 14 del Regolamento (UE) 2016\/679 La presente Privacy Policy ha lo scopo di descrivere le modalit\u00e0 di gestione di questo sito, in riferimento al trattamento dei dati &hellip; <a href=\"http:\/\/www.marinarredo.com\/index.php\/privacy-policy\/\">Continua<\/a><\/p>\n","protected":false},"author":1,"featured_media":0,"parent":0,"menu_order":0,"comment_status":"closed","ping_status":"closed","template":"page-fullwidth.php","meta":{"footnotes":""},"_links":{"self":[{"href":"http:\/\/www.marinarredo.com\/index.php\/wp-json\/wp\/v2\/pages\/1686"}],"collection":[{"href":"http:\/\/www.marinarredo.com\/index.php\/wp-json\/wp\/v2\/pages"}],"about":[{"href":"http:\/\/www.marinarredo.com\/index.php\/wp-json\/wp\/v2\/types\/page"}],"author":[{"embeddable":true,"href":"http:\/\/www.marinarredo.com\/index.php\/wp-json\/wp\/v2\/users\/1"}],"replies":[{"embeddable":true,"href":"http:\/\/www.marinarredo.com\/index.php\/wp-json\/wp\/v2\/comments?post=1686"}],"version-history":[{"count":7,"href":"http:\/\/www.marinarredo.com\/index.php\/wp-json\/wp\/v2\/pages\/1686\/revisions"}],"predecessor-version":[{"id":2369,"href":"http:\/\/www.marinarredo.com\/index.php\/wp-json\/wp\/v2\/pages\/1686\/revisions\/2369"}],"wp:attachment":[{"href":"http:\/\/www.marinarredo.com\/index.php\/wp-json\/wp\/v2\/media?parent=1686"}],"curies":[{"name":"wp","href":"https:\/\/api.w.org\/{rel}","templated":true}]}}